{"id":290,"date":"2025-07-16T14:58:34","date_gmt":"2025-07-16T12:58:34","guid":{"rendered":"https:\/\/santagostinocoop.com\/mastropasqua\/?page_id=290"},"modified":"2025-07-16T17:23:28","modified_gmt":"2025-07-16T15:23:28","slug":"succhi-duva-bio","status":"publish","type":"page","link":"https:\/\/santagostinocoop.com\/mastropasqua\/succhi-duva-bio\/","title":{"rendered":"Succhi d&#8217;uva bio"},"content":{"rendered":"\t\t<div data-elementor-type=\"wp-page\" data-elementor-id=\"290\" class=\"elementor elementor-290\">\n\t\t\t\t<div class=\"elementor-element elementor-element-5d8954a e-con-full e-flex e-con e-parent\" data-id=\"5d8954a\" data-element_type=\"container\">\n\t\t\t\t<div class=\"elementor-element elementor-element-82f9d74 elementor-widget elementor-widget-shortcode\" data-id=\"82f9d74\" data-element_type=\"widget\" data-widget_type=\"shortcode.default\">\n\t\t\t\t<div class=\"elementor-widget-container\">\n\t\t\t\t\t\t\t<div class=\"elementor-shortcode\">\t\t<div data-elementor-type=\"section\" data-elementor-id=\"16\" class=\"elementor elementor-16\">\n\t\t\t\t<div class=\"elementor-element elementor-element-6ef6b8c1 e-con-full e-flex e-con e-parent\" data-id=\"6ef6b8c1\" data-element_type=\"container\" data-settings=\"{&quot;background_background&quot;:&quot;classic&quot;}\">\n\t\t<div class=\"elementor-element elementor-element-9cf6bf7 e-con-full e-flex e-con e-child\" data-id=\"9cf6bf7\" data-element_type=\"container\">\n\t\t\t\t<div class=\"elementor-element elementor-element-7643b810 elementor-widget elementor-widget-heading\" data-id=\"7643b810\" data-element_type=\"widget\" data-widget_type=\"heading.default\">\n\t\t\t\t<div class=\"elementor-widget-container\">\n\t\t\t\t\t<h2 class=\"elementor-heading-title elementor-size-default\">Succhi d&#8217;uva bio<\/h2>\t\t\t\t<\/div>\n\t\t\t\t<\/div>\n\t\t\t\t<\/div>\n\t\t\t\t<\/div>\n\t\t\t\t<\/div>\n\t\t<\/div>\n\t\t\t\t\t\t<\/div>\n\t\t\t\t<\/div>\n\t\t\t\t<\/div>\n\t\t<div class=\"elementor-element elementor-element-6379e6d e-con-full e-flex e-con e-parent\" data-id=\"6379e6d\" data-element_type=\"container\">\n\t\t<div class=\"elementor-element elementor-element-4bf84e8 e-con-full e-flex e-con e-child\" data-id=\"4bf84e8\" data-element_type=\"container\">\n\t\t\t\t<div class=\"elementor-element elementor-element-1f2a726 elementor-widget elementor-widget-heading\" data-id=\"1f2a726\" data-element_type=\"widget\" data-widget_type=\"heading.default\">\n\t\t\t\t<div class=\"elementor-widget-container\">\n\t\t\t\t\t<h2 class=\"elementor-heading-title elementor-size-default\">IL NOSTRO SUCCO D\u2019UVA BIO:<\/h2>\t\t\t\t<\/div>\n\t\t\t\t<\/div>\n\t\t\t\t<div class=\"elementor-element elementor-element-08e634b elementor-widget elementor-widget-heading\" data-id=\"08e634b\" data-element_type=\"widget\" data-widget_type=\"heading.default\">\n\t\t\t\t<div class=\"elementor-widget-container\">\n\t\t\t\t\t<h2 class=\"elementor-heading-title elementor-size-default\">PENSATO PER L\u2019INDUSTRIA, AMATO DA CHI CERCA AUTENTICIT\u00e0\n<\/h2>\t\t\t\t<\/div>\n\t\t\t\t<\/div>\n\t\t\t\t<div class=\"elementor-element elementor-element-8fee6b3 elementor-widget elementor-widget-heading\" data-id=\"8fee6b3\" data-element_type=\"widget\" data-widget_type=\"heading.default\">\n\t\t\t\t<div class=\"elementor-widget-container\">\n\t\t\t\t\t<h2 class=\"elementor-heading-title elementor-size-default\">Produciamo Succo d'Uva Biologico rosso, bianco e varietale, ottenuto da uve coltivate secondo i rigorosi standard dell'agricoltura biologica. \u00c8 un prodotto di alta qualit\u00e0, destinato sia all'industria alimentare e enologica, sia a consumatori finali attenti alla salute e alla sostenibilit\u00e0.<\/h2>\t\t\t\t<\/div>\n\t\t\t\t<\/div>\n\t\t\t\t<\/div>\n\t\t<div class=\"elementor-element elementor-element-39f13ba e-con-full e-flex e-con e-child\" data-id=\"39f13ba\" data-element_type=\"container\">\n\t\t<div class=\"elementor-element elementor-element-56b8678 e-con-full e-flex e-con e-child\" data-id=\"56b8678\" data-element_type=\"container\" data-settings=\"{&quot;background_background&quot;:&quot;classic&quot;}\">\n\t\t\t\t<div class=\"elementor-element elementor-element-f1c48f3 elementor-widget elementor-widget-image\" data-id=\"f1c48f3\" data-element_type=\"widget\" data-widget_type=\"image.default\">\n\t\t\t\t<div class=\"elementor-widget-container\">\n\t\t\t\t\t\t\t\t\t\t\t\t\t\t\t<img fetchpriority=\"high\" decoding=\"async\" width=\"1080\" height=\"1080\" src=\"https:\/\/santagostinocoop.com\/mastropasqua\/wp-content\/uploads\/2025\/07\/Senza-titolo-2.png\" class=\"attachment-full size-full wp-image-523\" alt=\"\" srcset=\"https:\/\/santagostinocoop.com\/mastropasqua\/wp-content\/uploads\/2025\/07\/Senza-titolo-2.png 1080w, https:\/\/santagostinocoop.com\/mastropasqua\/wp-content\/uploads\/2025\/07\/Senza-titolo-2-300x300.png 300w, https:\/\/santagostinocoop.com\/mastropasqua\/wp-content\/uploads\/2025\/07\/Senza-titolo-2-1024x1024.png 1024w, https:\/\/santagostinocoop.com\/mastropasqua\/wp-content\/uploads\/2025\/07\/Senza-titolo-2-150x150.png 150w, https:\/\/santagostinocoop.com\/mastropasqua\/wp-content\/uploads\/2025\/07\/Senza-titolo-2-768x768.png 768w\" sizes=\"(max-width: 1080px) 100vw, 1080px\" \/>\t\t\t\t\t\t\t\t\t\t\t\t\t\t\t<\/div>\n\t\t\t\t<\/div>\n\t\t\t\t<\/div>\n\t\t\t\t<\/div>\n\t\t\t\t<\/div>\n\t\t<div class=\"elementor-element elementor-element-26242c7 e-flex e-con-boxed e-con e-parent\" data-id=\"26242c7\" data-element_type=\"container\">\n\t\t\t\t\t<div class=\"e-con-inner\">\n\t\t<div class=\"elementor-element elementor-element-f373207 e-con-full e-flex e-con e-child\" data-id=\"f373207\" data-element_type=\"container\">\n\t\t\t\t<div class=\"elementor-element elementor-element-9ac0e29 elementor-widget elementor-widget-image\" data-id=\"9ac0e29\" data-element_type=\"widget\" data-widget_type=\"image.default\">\n\t\t\t\t<div class=\"elementor-widget-container\">\n\t\t\t\t\t\t\t\t\t\t\t\t\t\t\t<img decoding=\"async\" width=\"800\" height=\"800\" src=\"https:\/\/santagostinocoop.com\/mastropasqua\/wp-content\/uploads\/2025\/07\/image00009.jpeg\" class=\"attachment-large size-large wp-image-271\" alt=\"\" srcset=\"https:\/\/santagostinocoop.com\/mastropasqua\/wp-content\/uploads\/2025\/07\/image00009.jpeg 1000w, https:\/\/santagostinocoop.com\/mastropasqua\/wp-content\/uploads\/2025\/07\/image00009-300x300.jpeg 300w, https:\/\/santagostinocoop.com\/mastropasqua\/wp-content\/uploads\/2025\/07\/image00009-150x150.jpeg 150w, https:\/\/santagostinocoop.com\/mastropasqua\/wp-content\/uploads\/2025\/07\/image00009-768x768.jpeg 768w\" sizes=\"(max-width: 800px) 100vw, 800px\" \/>\t\t\t\t\t\t\t\t\t\t\t\t\t\t\t<\/div>\n\t\t\t\t<\/div>\n\t\t\t\t<\/div>\n\t\t<div class=\"elementor-element elementor-element-d2f3e57 e-con-full e-flex e-con e-child\" data-id=\"d2f3e57\" data-element_type=\"container\">\n\t\t\t\t<div class=\"elementor-element elementor-element-defe392 elementor-widget elementor-widget-heading\" data-id=\"defe392\" data-element_type=\"widget\" data-widget_type=\"heading.default\">\n\t\t\t\t<div class=\"elementor-widget-container\">\n\t\t\t\t\t<h2 class=\"elementor-heading-title elementor-size-default\">DALLA VIGNA AL SUCCO<\/h2>\t\t\t\t<\/div>\n\t\t\t\t<\/div>\n\t\t\t\t<div class=\"elementor-element elementor-element-235c0e5 elementor-widget elementor-widget-heading\" data-id=\"235c0e5\" data-element_type=\"widget\" data-widget_type=\"heading.default\">\n\t\t\t\t<div class=\"elementor-widget-container\">\n\t\t\t\t\t<h2 class=\"elementor-heading-title elementor-size-default\">Utilizziamo esclusivamente uve biologiche certificate, coltivate senza l'uso di sostanze chimiche di sintesi e nel pieno rispetto del Regolamento (UE) 2018\/848.\nSe richiesto, possiamo selezionare spremiture da vitigni specifici, gestendo direttamente ogni fase: dall'approvvigionamento al trasporto presso il nostro stabilimento.\n<\/h2>\t\t\t\t<\/div>\n\t\t\t\t<\/div>\n\t\t\t\t<\/div>\n\t\t\t\t\t<\/div>\n\t\t\t\t<\/div>\n\t\t<div class=\"elementor-element elementor-element-45cea93 e-flex e-con-boxed e-con e-parent\" data-id=\"45cea93\" data-element_type=\"container\">\n\t\t\t\t\t<div class=\"e-con-inner\">\n\t\t<div class=\"elementor-element elementor-element-b56bee1 e-con-full e-flex e-con e-child\" data-id=\"b56bee1\" data-element_type=\"container\">\n\t\t\t\t<div class=\"elementor-element elementor-element-5b4fc55 elementor-widget elementor-widget-image\" data-id=\"5b4fc55\" data-element_type=\"widget\" data-widget_type=\"image.default\">\n\t\t\t\t<div class=\"elementor-widget-container\">\n\t\t\t\t\t\t\t\t\t\t\t\t\t\t\t<img decoding=\"async\" width=\"736\" height=\"736\" src=\"https:\/\/santagostinocoop.com\/mastropasqua\/wp-content\/uploads\/2025\/07\/image00010.jpeg\" class=\"attachment-large size-large wp-image-272\" alt=\"\" srcset=\"https:\/\/santagostinocoop.com\/mastropasqua\/wp-content\/uploads\/2025\/07\/image00010.jpeg 736w, https:\/\/santagostinocoop.com\/mastropasqua\/wp-content\/uploads\/2025\/07\/image00010-300x300.jpeg 300w, https:\/\/santagostinocoop.com\/mastropasqua\/wp-content\/uploads\/2025\/07\/image00010-150x150.jpeg 150w\" sizes=\"(max-width: 736px) 100vw, 736px\" \/>\t\t\t\t\t\t\t\t\t\t\t\t\t\t\t<\/div>\n\t\t\t\t<\/div>\n\t\t\t\t<\/div>\n\t\t<div class=\"elementor-element elementor-element-3c84bba e-con-full e-flex e-con e-child\" data-id=\"3c84bba\" data-element_type=\"container\">\n\t\t\t\t<div class=\"elementor-element elementor-element-a0d6418 elementor-widget elementor-widget-heading\" data-id=\"a0d6418\" data-element_type=\"widget\" data-widget_type=\"heading.default\">\n\t\t\t\t<div class=\"elementor-widget-container\">\n\t\t\t\t\t<h2 class=\"elementor-heading-title elementor-size-default\">UN PROCESSO DEDICATO ALLA <br>\nPUREZZA\n<\/h2>\t\t\t\t<\/div>\n\t\t\t\t<\/div>\n\t\t\t\t<div class=\"elementor-element elementor-element-6929dde elementor-widget elementor-widget-heading\" data-id=\"6929dde\" data-element_type=\"widget\" data-widget_type=\"heading.default\">\n\t\t\t\t<div class=\"elementor-widget-container\">\n\t\t\t\t\t<h2 class=\"elementor-heading-title elementor-size-default\">Il nostro processo produttivo \u00e8 pensato per garantire la massima qualit\u00e0 e tracciabilit\u00e0:<br><br>\n\n\u2022 Pressatura soffice delle uve biologiche, raccolte al giusto grado zuccherino<br>\n\u2022 Raffreddamento immediato del mosto per mantenerne freschezza e propriet\u00e0<br>\n\u2022 Chiarifica delicata, con sostanze autorizzate per l'uso biologico (come la bentonite)<br>\n\u2022 Filtrazione avanzata, per un succo limpido, stabile e sicuro<br><br>\n\nTutte le lavorazioni avvengono in impianti dedicati alla produzione biologica, evitando ogni possibile contaminazione con prodotti convenzionali.\n<\/h2>\t\t\t\t<\/div>\n\t\t\t\t<\/div>\n\t\t\t\t<\/div>\n\t\t\t\t\t<\/div>\n\t\t\t\t<\/div>\n\t\t<div class=\"elementor-element elementor-element-87e5cc7 e-flex e-con-boxed e-con e-parent\" data-id=\"87e5cc7\" data-element_type=\"container\">\n\t\t\t\t\t<div class=\"e-con-inner\">\n\t\t<div class=\"elementor-element elementor-element-5424b00 e-con-full e-flex e-con e-child\" data-id=\"5424b00\" data-element_type=\"container\">\n\t\t\t\t<div class=\"elementor-element elementor-element-abc6faf elementor-widget elementor-widget-image\" data-id=\"abc6faf\" data-element_type=\"widget\" data-widget_type=\"image.default\">\n\t\t\t\t<div class=\"elementor-widget-container\">\n\t\t\t\t\t\t\t\t\t\t\t\t\t\t\t<img loading=\"lazy\" decoding=\"async\" width=\"800\" height=\"800\" src=\"https:\/\/santagostinocoop.com\/mastropasqua\/wp-content\/uploads\/2025\/07\/image00008.jpeg\" class=\"attachment-large size-large wp-image-273\" alt=\"\" srcset=\"https:\/\/santagostinocoop.com\/mastropasqua\/wp-content\/uploads\/2025\/07\/image00008.jpeg 900w, https:\/\/santagostinocoop.com\/mastropasqua\/wp-content\/uploads\/2025\/07\/image00008-300x300.jpeg 300w, https:\/\/santagostinocoop.com\/mastropasqua\/wp-content\/uploads\/2025\/07\/image00008-150x150.jpeg 150w, https:\/\/santagostinocoop.com\/mastropasqua\/wp-content\/uploads\/2025\/07\/image00008-768x768.jpeg 768w\" sizes=\"(max-width: 800px) 100vw, 800px\" \/>\t\t\t\t\t\t\t\t\t\t\t\t\t\t\t<\/div>\n\t\t\t\t<\/div>\n\t\t\t\t<\/div>\n\t\t<div class=\"elementor-element elementor-element-38a61f8 e-con-full e-flex e-con e-child\" data-id=\"38a61f8\" data-element_type=\"container\">\n\t\t\t\t<div class=\"elementor-element elementor-element-f9925ad elementor-widget elementor-widget-heading\" data-id=\"f9925ad\" data-element_type=\"widget\" data-widget_type=\"heading.default\">\n\t\t\t\t<div class=\"elementor-widget-container\">\n\t\t\t\t\t<h2 class=\"elementor-heading-title elementor-size-default\">NATURALE, NON FERMENTATO,<br>\n SENZA ZUCCHERI AGGIUNTI<\/h2>\t\t\t\t<\/div>\n\t\t\t\t<\/div>\n\t\t\t\t<div class=\"elementor-element elementor-element-28b38dd elementor-widget elementor-widget-heading\" data-id=\"28b38dd\" data-element_type=\"widget\" data-widget_type=\"heading.default\">\n\t\t\t\t<div class=\"elementor-widget-container\">\n\t\t\t\t\t<h2 class=\"elementor-heading-title elementor-size-default\">Il nostro Succo d'Uva Biologico \u00e8 non fermentato, naturalmente dolce, e privo di zuccheri aggiunti o conservanti artificiali.\n\u00c8 disponibile in due modalit\u00e0 di conservazione:<br><br>\n\n\u2022 Stabilizzazione a freddo (0\/+2 \u00b0C), senza aggiunta di solfiti<br>\n\u2022 Oppure con SO\u2082 in basse quantit\u00e0, nei limiti ammessi dal disciplinare bio<br><br>\n\nPerfetto per aziende che cercano un ingrediente di qualit\u00e0 per bevande, alimenti o preparazioni naturali, ma anche per chi, a casa, desidera gustare un succo d'uva autentico, buono e sano.\n<\/h2>\t\t\t\t<\/div>\n\t\t\t\t<\/div>\n\t\t\t\t<\/div>\n\t\t\t\t\t<\/div>\n\t\t\t\t<\/div>\n\t\t<div class=\"elementor-element elementor-element-03294bc e-flex e-con-boxed e-con e-child\" data-id=\"03294bc\" data-element_type=\"container\">\n\t\t\t\t\t<div class=\"e-con-inner\">\n\t\t<div class=\"elementor-element elementor-element-79d2fcd e-con-full e-flex e-con e-child\" data-id=\"79d2fcd\" data-element_type=\"container\">\n\t\t\t\t<div class=\"elementor-element elementor-element-73da6e1 elementor-widget elementor-widget-image\" data-id=\"73da6e1\" data-element_type=\"widget\" data-widget_type=\"image.default\">\n\t\t\t\t<div class=\"elementor-widget-container\">\n\t\t\t\t\t\t\t\t\t\t\t\t\t\t\t<img loading=\"lazy\" decoding=\"async\" width=\"80\" height=\"80\" src=\"https:\/\/santagostinocoop.com\/mastropasqua\/wp-content\/uploads\/2025\/07\/icona-UVA.png\" class=\"attachment-large size-large wp-image-270\" alt=\"\" \/>\t\t\t\t\t\t\t\t\t\t\t\t\t\t\t<\/div>\n\t\t\t\t<\/div>\n\t\t\t\t<div class=\"elementor-element elementor-element-ae41ab4 elementor-widget elementor-widget-heading\" data-id=\"ae41ab4\" data-element_type=\"widget\" data-widget_type=\"heading.default\">\n\t\t\t\t<div class=\"elementor-widget-container\">\n\t\t\t\t\t<h2 class=\"elementor-heading-title elementor-size-default\">BIANCO BIO<\/h2>\t\t\t\t<\/div>\n\t\t\t\t<\/div>\n\t\t\t\t<div class=\"elementor-element elementor-element-5cd2290 elementor-widget elementor-widget-heading\" data-id=\"5cd2290\" data-element_type=\"widget\" data-widget_type=\"heading.default\">\n\t\t\t\t<div class=\"elementor-widget-container\">\n\t\t\t\t\t<h2 class=\"elementor-heading-title elementor-size-default\">Fresco, delicato e naturalmente dolce, il succo di uva bianca biologica conserva intatti tutti i profumi e le propriet\u00e0 dell\u2019uva appena raccolta. Ricco di antiossidanti e privo di zuccheri aggiunti, \u00e8 ideale per chi cerca gusto e benessere in ogni sorso. Coltivato con cura e rispetto per l\u2019ambiente, racconta una storia di autenticit\u00e0 e semplicit\u00e0 tutta da assaporare.<\/h2>\t\t\t\t<\/div>\n\t\t\t\t<\/div>\n\t\t\t\t<\/div>\n\t\t<div class=\"elementor-element elementor-element-61b0852 e-con-full e-flex e-con e-child\" data-id=\"61b0852\" data-element_type=\"container\">\n\t\t\t\t<div class=\"elementor-element elementor-element-d3a1bdd elementor-widget elementor-widget-image\" data-id=\"d3a1bdd\" data-element_type=\"widget\" data-widget_type=\"image.default\">\n\t\t\t\t<div class=\"elementor-widget-container\">\n\t\t\t\t\t\t\t\t\t\t\t\t\t\t\t<img loading=\"lazy\" decoding=\"async\" width=\"80\" height=\"80\" src=\"https:\/\/santagostinocoop.com\/mastropasqua\/wp-content\/uploads\/2025\/07\/icona-UVA.png\" class=\"attachment-large size-large wp-image-270\" alt=\"\" \/>\t\t\t\t\t\t\t\t\t\t\t\t\t\t\t<\/div>\n\t\t\t\t<\/div>\n\t\t\t\t<div class=\"elementor-element elementor-element-ce7cd6f elementor-widget elementor-widget-heading\" data-id=\"ce7cd6f\" data-element_type=\"widget\" data-widget_type=\"heading.default\">\n\t\t\t\t<div class=\"elementor-widget-container\">\n\t\t\t\t\t<h2 class=\"elementor-heading-title elementor-size-default\">ROSSO BIO<\/h2>\t\t\t\t<\/div>\n\t\t\t\t<\/div>\n\t\t\t\t<div class=\"elementor-element elementor-element-b7ed795 elementor-widget elementor-widget-heading\" data-id=\"b7ed795\" data-element_type=\"widget\" data-widget_type=\"heading.default\">\n\t\t\t\t<div class=\"elementor-widget-container\">\n\t\t\t\t\t<h2 class=\"elementor-heading-title elementor-size-default\">Intenso, corposo e ricco di sfumature, il succo di uva rossa biologica \u00e8 una vera esplosione di gusto e salute. Grazie all\u2019elevato contenuto di polifenoli, offre un\u2019esperienza sensoriale unica e preziosi benefici per l\u2019organismo. Ottenuto da uve selezionate e lavorate con metodi naturali, \u00e8 l\u2019espressione pi\u00f9 pura della nostra passione per il biologico.<\/h2>\t\t\t\t<\/div>\n\t\t\t\t<\/div>\n\t\t\t\t<\/div>\n\t\t\t\t\t<\/div>\n\t\t\t\t<\/div>\n\t\t<div class=\"elementor-element elementor-element-a01c034 e-flex e-con-boxed e-con e-parent\" data-id=\"a01c034\" data-element_type=\"container\" data-settings=\"{&quot;background_background&quot;:&quot;classic&quot;}\">\n\t\t\t\t\t<div class=\"e-con-inner\">\n\t\t\t\t<div class=\"elementor-element elementor-element-b5e9cb4 elementor-widget elementor-widget-heading\" data-id=\"b5e9cb4\" data-element_type=\"widget\" data-widget_type=\"heading.default\">\n\t\t\t\t<div class=\"elementor-widget-container\">\n\t\t\t\t\t<h2 class=\"elementor-heading-title elementor-size-default\">SCOPRI ANCHE:<\/h2>\t\t\t\t<\/div>\n\t\t\t\t<\/div>\n\t\t\t\t<div class=\"elementor-element elementor-element-4bda76b elementor-widget elementor-widget-html\" data-id=\"4bda76b\" data-element_type=\"widget\" data-widget_type=\"html.default\">\n\t\t\t\t<div class=\"elementor-widget-container\">\n\t\t\t\t\t<style>\n    .hover-overlay {\n  position: relative;\n  overflow: hidden;\n  cursor: pointer;\n}\n\n.hover-overlay img {\n  display: block;\n  width: 100%;\n  height: auto;\n}\n\n.hover-overlay::before {\n  content: '';\n  position: absolute;\n  top: 0; left: 0; right: 0; bottom: 0;\n  background-color: #AD964F80;\n  opacity: 0;\n  transition: opacity 0.3s ease;\n  z-index: 1;\n}\n\n.hover-overlay .hover-link {\n  position: absolute;\n  top: 50%; left: 50%;\n  transform: translate(-50%, -50%);\n  z-index: 2;\n  opacity: 0;\n  transition: opacity 0.3s ease;\n}\n\n.hover-overlay:hover::before,\n.hover-overlay:hover .hover-link {\n  opacity: 1;\n}\n\n<\/style>\t\t\t\t<\/div>\n\t\t\t\t<\/div>\n\t\t<div class=\"elementor-element elementor-element-90b402d e-con-full e-flex e-con e-child\" data-id=\"90b402d\" data-element_type=\"container\">\n\t\t<div class=\"elementor-element elementor-element-661b917 e-con-full hover-overlay e-flex e-con e-child\" data-id=\"661b917\" data-element_type=\"container\">\n\t\t\t\t<div class=\"elementor-element elementor-element-f31e280 elementor-widget elementor-widget-image\" data-id=\"f31e280\" data-element_type=\"widget\" data-widget_type=\"image.default\">\n\t\t\t\t<div class=\"elementor-widget-container\">\n\t\t\t\t\t\t\t\t\t\t\t\t\t\t\t<img loading=\"lazy\" decoding=\"async\" width=\"800\" height=\"800\" src=\"https:\/\/santagostinocoop.com\/mastropasqua\/wp-content\/uploads\/2025\/07\/grafica-ALTRI-PRODOTTI-VINI-BIO-1024x1024.png\" class=\"attachment-large size-large wp-image-280\" alt=\"\" srcset=\"https:\/\/santagostinocoop.com\/mastropasqua\/wp-content\/uploads\/2025\/07\/grafica-ALTRI-PRODOTTI-VINI-BIO-1024x1024.png 1024w, https:\/\/santagostinocoop.com\/mastropasqua\/wp-content\/uploads\/2025\/07\/grafica-ALTRI-PRODOTTI-VINI-BIO-300x300.png 300w, https:\/\/santagostinocoop.com\/mastropasqua\/wp-content\/uploads\/2025\/07\/grafica-ALTRI-PRODOTTI-VINI-BIO-150x150.png 150w, https:\/\/santagostinocoop.com\/mastropasqua\/wp-content\/uploads\/2025\/07\/grafica-ALTRI-PRODOTTI-VINI-BIO-768x768.png 768w, https:\/\/santagostinocoop.com\/mastropasqua\/wp-content\/uploads\/2025\/07\/grafica-ALTRI-PRODOTTI-VINI-BIO-650x650.png 650w, https:\/\/santagostinocoop.com\/mastropasqua\/wp-content\/uploads\/2025\/07\/grafica-ALTRI-PRODOTTI-VINI-BIO.png 1080w\" sizes=\"(max-width: 800px) 100vw, 800px\" \/>\t\t\t\t\t\t\t\t\t\t\t\t\t\t\t<\/div>\n\t\t\t\t<\/div>\n\t\t\t\t<div class=\"elementor-element elementor-element-3180cd4 hover-link elementor-widget elementor-widget-button\" data-id=\"3180cd4\" data-element_type=\"widget\" data-widget_type=\"button.default\">\n\t\t\t\t<div class=\"elementor-widget-container\">\n\t\t\t\t\t\t\t\t\t<div class=\"elementor-button-wrapper\">\n\t\t\t\t\t<a class=\"elementor-button elementor-size-sm\" role=\"button\">\n\t\t\t\t\t\t<span class=\"elementor-button-content-wrapper\">\n\t\t\t\t\t\t\t\t\t<span class=\"elementor-button-text\">VINI BIO<\/span>\n\t\t\t\t\t<\/span>\n\t\t\t\t\t<\/a>\n\t\t\t\t<\/div>\n\t\t\t\t\t\t\t\t<\/div>\n\t\t\t\t<\/div>\n\t\t\t\t<\/div>\n\t\t<div class=\"elementor-element elementor-element-0df6a39 e-con-full hover-overlay e-flex e-con e-child\" data-id=\"0df6a39\" data-element_type=\"container\">\n\t\t\t\t<div class=\"elementor-element elementor-element-0d3a866 elementor-widget elementor-widget-image\" data-id=\"0d3a866\" data-element_type=\"widget\" data-widget_type=\"image.default\">\n\t\t\t\t<div class=\"elementor-widget-container\">\n\t\t\t\t\t\t\t\t\t\t\t\t\t\t\t<img loading=\"lazy\" decoding=\"async\" width=\"800\" height=\"800\" src=\"https:\/\/santagostinocoop.com\/mastropasqua\/wp-content\/uploads\/2025\/07\/grafica-ALTRI-PRODOTTI-VINI-1024x1024.png\" class=\"attachment-large size-large wp-image-281\" alt=\"\" srcset=\"https:\/\/santagostinocoop.com\/mastropasqua\/wp-content\/uploads\/2025\/07\/grafica-ALTRI-PRODOTTI-VINI-1024x1024.png 1024w, https:\/\/santagostinocoop.com\/mastropasqua\/wp-content\/uploads\/2025\/07\/grafica-ALTRI-PRODOTTI-VINI-300x300.png 300w, https:\/\/santagostinocoop.com\/mastropasqua\/wp-content\/uploads\/2025\/07\/grafica-ALTRI-PRODOTTI-VINI-150x150.png 150w, https:\/\/santagostinocoop.com\/mastropasqua\/wp-content\/uploads\/2025\/07\/grafica-ALTRI-PRODOTTI-VINI-768x768.png 768w, https:\/\/santagostinocoop.com\/mastropasqua\/wp-content\/uploads\/2025\/07\/grafica-ALTRI-PRODOTTI-VINI-650x650.png 650w, https:\/\/santagostinocoop.com\/mastropasqua\/wp-content\/uploads\/2025\/07\/grafica-ALTRI-PRODOTTI-VINI.png 1080w\" sizes=\"(max-width: 800px) 100vw, 800px\" \/>\t\t\t\t\t\t\t\t\t\t\t\t\t\t\t<\/div>\n\t\t\t\t<\/div>\n\t\t\t\t<div class=\"elementor-element elementor-element-0198420 hover-link elementor-widget elementor-widget-button\" data-id=\"0198420\" data-element_type=\"widget\" data-widget_type=\"button.default\">\n\t\t\t\t<div class=\"elementor-widget-container\">\n\t\t\t\t\t\t\t\t\t<div class=\"elementor-button-wrapper\">\n\t\t\t\t\t<a class=\"elementor-button elementor-size-sm\" role=\"button\">\n\t\t\t\t\t\t<span class=\"elementor-button-content-wrapper\">\n\t\t\t\t\t\t\t\t\t<span class=\"elementor-button-text\">VINI<\/span>\n\t\t\t\t\t<\/span>\n\t\t\t\t\t<\/a>\n\t\t\t\t<\/div>\n\t\t\t\t\t\t\t\t<\/div>\n\t\t\t\t<\/div>\n\t\t\t\t<\/div>\n\t\t<div class=\"elementor-element elementor-element-998b972 e-con-full hover-overlay e-flex e-con e-child\" data-id=\"998b972\" data-element_type=\"container\">\n\t\t\t\t<div class=\"elementor-element elementor-element-c3f018b elementor-widget elementor-widget-image\" data-id=\"c3f018b\" data-element_type=\"widget\" data-widget_type=\"image.default\">\n\t\t\t\t<div class=\"elementor-widget-container\">\n\t\t\t\t\t\t\t\t\t\t\t\t\t\t\t<img loading=\"lazy\" decoding=\"async\" width=\"800\" height=\"800\" src=\"https:\/\/santagostinocoop.com\/mastropasqua\/wp-content\/uploads\/2025\/07\/grafica-ALTRI-PRODOTTI-SUCCHI-DUVA-1024x1024.png\" class=\"attachment-large size-large wp-image-279\" alt=\"\" srcset=\"https:\/\/santagostinocoop.com\/mastropasqua\/wp-content\/uploads\/2025\/07\/grafica-ALTRI-PRODOTTI-SUCCHI-DUVA-1024x1024.png 1024w, https:\/\/santagostinocoop.com\/mastropasqua\/wp-content\/uploads\/2025\/07\/grafica-ALTRI-PRODOTTI-SUCCHI-DUVA-300x300.png 300w, https:\/\/santagostinocoop.com\/mastropasqua\/wp-content\/uploads\/2025\/07\/grafica-ALTRI-PRODOTTI-SUCCHI-DUVA-150x150.png 150w, https:\/\/santagostinocoop.com\/mastropasqua\/wp-content\/uploads\/2025\/07\/grafica-ALTRI-PRODOTTI-SUCCHI-DUVA-768x768.png 768w, https:\/\/santagostinocoop.com\/mastropasqua\/wp-content\/uploads\/2025\/07\/grafica-ALTRI-PRODOTTI-SUCCHI-DUVA-650x650.png 650w, https:\/\/santagostinocoop.com\/mastropasqua\/wp-content\/uploads\/2025\/07\/grafica-ALTRI-PRODOTTI-SUCCHI-DUVA.png 1080w\" sizes=\"(max-width: 800px) 100vw, 800px\" \/>\t\t\t\t\t\t\t\t\t\t\t\t\t\t\t<\/div>\n\t\t\t\t<\/div>\n\t\t\t\t<div class=\"elementor-element elementor-element-dbbc910 hover-link elementor-widget elementor-widget-button\" data-id=\"dbbc910\" data-element_type=\"widget\" data-widget_type=\"button.default\">\n\t\t\t\t<div class=\"elementor-widget-container\">\n\t\t\t\t\t\t\t\t\t<div class=\"elementor-button-wrapper\">\n\t\t\t\t\t<a class=\"elementor-button elementor-size-sm\" role=\"button\">\n\t\t\t\t\t\t<span class=\"elementor-button-content-wrapper\">\n\t\t\t\t\t\t\t\t\t<span class=\"elementor-button-text\">SUCCHI D'UVA<\/span>\n\t\t\t\t\t<\/span>\n\t\t\t\t\t<\/a>\n\t\t\t\t<\/div>\n\t\t\t\t\t\t\t\t<\/div>\n\t\t\t\t<\/div>\n\t\t\t\t<\/div>\n\t\t\t\t<\/div>\n\t\t\t\t\t<\/div>\n\t\t\t\t<\/div>\n\t\t\t\t<\/div>\n\t\t","protected":false},"excerpt":{"rendered":"<p>IL NOSTRO SUCCO D\u2019UVA BIO: PENSATO PER L\u2019INDUSTRIA, AMATO DA CHI CERCA AUTENTICIT\u00e0 Produciamo Succo d&#8217;Uva Biologico rosso, bianco e varietale, ottenuto da uve coltivate secondo i rigorosi standard dell&#8217;agricoltura biologica. \u00c8 un prodotto di alta qualit\u00e0, destinato sia all&#8217;industria alimentare e enologica, sia a consumatori finali attenti alla salute e alla sostenibilit\u00e0. DALLA VIGNA [&hellip;]<\/p>\n","protected":false},"author":1,"featured_media":0,"parent":0,"menu_order":0,"comment_status":"closed","ping_status":"closed","template":"","meta":{"footnotes":""},"class_list":["post-290","page","type-page","status-publish","hentry"],"_links":{"self":[{"href":"https:\/\/santagostinocoop.com\/mastropasqua\/wp-json\/wp\/v2\/pages\/290","targetHints":{"allow":["GET"]}}],"collection":[{"href":"https:\/\/santagostinocoop.com\/mastropasqua\/wp-json\/wp\/v2\/pages"}],"about":[{"href":"https:\/\/santagostinocoop.com\/mastropasqua\/wp-json\/wp\/v2\/types\/page"}],"author":[{"embeddable":true,"href":"https:\/\/santagostinocoop.com\/mastropasqua\/wp-json\/wp\/v2\/users\/1"}],"replies":[{"embeddable":true,"href":"https:\/\/santagostinocoop.com\/mastropasqua\/wp-json\/wp\/v2\/comments?post=290"}],"version-history":[{"count":15,"href":"https:\/\/santagostinocoop.com\/mastropasqua\/wp-json\/wp\/v2\/pages\/290\/revisions"}],"predecessor-version":[{"id":529,"href":"https:\/\/santagostinocoop.com\/mastropasqua\/wp-json\/wp\/v2\/pages\/290\/revisions\/529"}],"wp:attachment":[{"href":"https:\/\/santagostinocoop.com\/mastropasqua\/wp-json\/wp\/v2\/media?parent=290"}],"curies":[{"name":"wp","href":"https:\/\/api.w.org\/{rel}","templated":true}]}}