{"id":48,"date":"2025-07-11T10:13:08","date_gmt":"2025-07-11T08:13:08","guid":{"rendered":"https:\/\/santagostinocoop.com\/mastropasqua\/?page_id=48"},"modified":"2025-07-16T17:38:25","modified_gmt":"2025-07-16T15:38:25","slug":"ortofrutta","status":"publish","type":"page","link":"https:\/\/santagostinocoop.com\/mastropasqua\/ortofrutta\/","title":{"rendered":"Ortofrutta"},"content":{"rendered":"\t\t<div data-elementor-type=\"wp-page\" data-elementor-id=\"48\" class=\"elementor elementor-48\">\n\t\t\t\t<div class=\"elementor-element elementor-element-e4cc94c e-con-full e-flex e-con e-parent\" data-id=\"e4cc94c\" data-element_type=\"container\">\n\t\t\t\t<div class=\"elementor-element elementor-element-c1bbf32 elementor-widget elementor-widget-shortcode\" data-id=\"c1bbf32\" data-element_type=\"widget\" data-widget_type=\"shortcode.default\">\n\t\t\t\t<div class=\"elementor-widget-container\">\n\t\t\t\t\t\t\t<div class=\"elementor-shortcode\">\t\t<div data-elementor-type=\"section\" data-elementor-id=\"16\" class=\"elementor elementor-16\">\n\t\t\t\t<div class=\"elementor-element elementor-element-6ef6b8c1 e-con-full e-flex e-con e-parent\" data-id=\"6ef6b8c1\" data-element_type=\"container\" data-settings=\"{&quot;background_background&quot;:&quot;classic&quot;}\">\n\t\t<div class=\"elementor-element elementor-element-9cf6bf7 e-con-full e-flex e-con e-child\" data-id=\"9cf6bf7\" data-element_type=\"container\">\n\t\t\t\t<div class=\"elementor-element elementor-element-7643b810 elementor-widget elementor-widget-heading\" data-id=\"7643b810\" data-element_type=\"widget\" data-widget_type=\"heading.default\">\n\t\t\t\t<div class=\"elementor-widget-container\">\n\t\t\t\t\t<h2 class=\"elementor-heading-title elementor-size-default\">Ortofrutta<\/h2>\t\t\t\t<\/div>\n\t\t\t\t<\/div>\n\t\t\t\t<\/div>\n\t\t\t\t<\/div>\n\t\t\t\t<\/div>\n\t\t<\/div>\n\t\t\t\t\t\t<\/div>\n\t\t\t\t<\/div>\n\t\t\t\t<\/div>\n\t\t<div class=\"elementor-element elementor-element-a02fade e-con-full e-flex e-con e-parent\" data-id=\"a02fade\" data-element_type=\"container\">\n\t\t<div class=\"elementor-element elementor-element-15d606d e-con-full e-flex e-con e-child\" data-id=\"15d606d\" data-element_type=\"container\">\n\t\t\t\t<div class=\"elementor-element elementor-element-2429012 elementor-widget elementor-widget-heading\" data-id=\"2429012\" data-element_type=\"widget\" data-widget_type=\"heading.default\">\n\t\t\t\t<div class=\"elementor-widget-container\">\n\t\t\t\t\t<h2 class=\"elementor-heading-title elementor-size-default\">ORTOFRUTTA<\/h2>\t\t\t\t<\/div>\n\t\t\t\t<\/div>\n\t\t\t\t<div class=\"elementor-element elementor-element-680f82b elementor-widget elementor-widget-heading\" data-id=\"680f82b\" data-element_type=\"widget\" data-widget_type=\"heading.default\">\n\t\t\t\t<div class=\"elementor-widget-container\">\n\t\t\t\t\t<h2 class=\"elementor-heading-title elementor-size-default\">IL GUSTO AUTENTICO DEL <br> \nBIOLOGICO<\/h2>\t\t\t\t<\/div>\n\t\t\t\t<\/div>\n\t\t\t\t<div class=\"elementor-element elementor-element-24959ed elementor-widget elementor-widget-heading\" data-id=\"24959ed\" data-element_type=\"widget\" data-widget_type=\"heading.default\">\n\t\t\t\t<div class=\"elementor-widget-container\">\n\t\t\t\t\t<h2 class=\"elementor-heading-title elementor-size-default\">In Mastropasqua International S.p.A., siamo orgogliosi di offrire ortofrutta di alta qualit\u00e0, rispettando le tradizioni agricole e garantendo prodotti sani e genuini.<br><br> \n\nLa nostra produzione di carote e patate biologiche, coltivate con passione nella fertile terra di Zapponeta, in Puglia, \u00e8 il cuore della nostra offerta.<br><br>\n\nUtilizziamo metodi di coltivazione e lavorazione esclusivamente biologici, per preservare il sapore autentico e i benefici naturali dei nostri prod\notti.<\/h2>\t\t\t\t<\/div>\n\t\t\t\t<\/div>\n\t\t\t\t<\/div>\n\t\t<div class=\"elementor-element elementor-element-3c6b200 e-con-full e-flex e-con e-child\" data-id=\"3c6b200\" data-element_type=\"container\">\n\t\t<div class=\"elementor-element elementor-element-533bb6e e-con-full e-flex e-con e-child\" data-id=\"533bb6e\" data-element_type=\"container\" data-settings=\"{&quot;background_background&quot;:&quot;classic&quot;}\">\n\t\t\t\t<div class=\"elementor-element elementor-element-f11ae73 elementor-widget elementor-widget-image\" data-id=\"f11ae73\" data-element_type=\"widget\" data-widget_type=\"image.default\">\n\t\t\t\t<div class=\"elementor-widget-container\">\n\t\t\t\t\t\t\t\t\t\t\t\t\t\t\t<img fetchpriority=\"high\" decoding=\"async\" width=\"1080\" height=\"1080\" src=\"https:\/\/santagostinocoop.com\/mastropasqua\/wp-content\/uploads\/2025\/07\/Grafica-ORTOFRUTTA-1.png\" class=\"attachment-full size-full wp-image-207\" alt=\"\" srcset=\"https:\/\/santagostinocoop.com\/mastropasqua\/wp-content\/uploads\/2025\/07\/Grafica-ORTOFRUTTA-1.png 1080w, https:\/\/santagostinocoop.com\/mastropasqua\/wp-content\/uploads\/2025\/07\/Grafica-ORTOFRUTTA-1-300x300.png 300w, https:\/\/santagostinocoop.com\/mastropasqua\/wp-content\/uploads\/2025\/07\/Grafica-ORTOFRUTTA-1-1024x1024.png 1024w, https:\/\/santagostinocoop.com\/mastropasqua\/wp-content\/uploads\/2025\/07\/Grafica-ORTOFRUTTA-1-150x150.png 150w, https:\/\/santagostinocoop.com\/mastropasqua\/wp-content\/uploads\/2025\/07\/Grafica-ORTOFRUTTA-1-768x768.png 768w\" sizes=\"(max-width: 1080px) 100vw, 1080px\" \/>\t\t\t\t\t\t\t\t\t\t\t\t\t\t\t<\/div>\n\t\t\t\t<\/div>\n\t\t\t\t<\/div>\n\t\t\t\t<\/div>\n\t\t\t\t<\/div>\n\t\t<div class=\"elementor-element elementor-element-f6e5415 e-flex e-con-boxed e-con e-parent\" data-id=\"f6e5415\" data-element_type=\"container\">\n\t\t\t\t\t<div class=\"e-con-inner\">\n\t\t<div class=\"elementor-element elementor-element-95332c6 e-con-full e-flex e-con e-child\" data-id=\"95332c6\" data-element_type=\"container\">\n\t\t\t\t<div class=\"elementor-element elementor-element-3d077ab elementor-widget elementor-widget-image\" data-id=\"3d077ab\" data-element_type=\"widget\" data-widget_type=\"image.default\">\n\t\t\t\t<div class=\"elementor-widget-container\">\n\t\t\t\t\t\t\t\t\t\t\t\t\t\t\t<img decoding=\"async\" width=\"800\" height=\"800\" src=\"https:\/\/santagostinocoop.com\/mastropasqua\/wp-content\/uploads\/2025\/07\/image00012-1024x1024.jpeg\" class=\"attachment-large size-large wp-image-245\" alt=\"\" srcset=\"https:\/\/santagostinocoop.com\/mastropasqua\/wp-content\/uploads\/2025\/07\/image00012-1024x1024.jpeg 1024w, https:\/\/santagostinocoop.com\/mastropasqua\/wp-content\/uploads\/2025\/07\/image00012-300x300.jpeg 300w, https:\/\/santagostinocoop.com\/mastropasqua\/wp-content\/uploads\/2025\/07\/image00012-150x150.jpeg 150w, https:\/\/santagostinocoop.com\/mastropasqua\/wp-content\/uploads\/2025\/07\/image00012-768x768.jpeg 768w, https:\/\/santagostinocoop.com\/mastropasqua\/wp-content\/uploads\/2025\/07\/image00012-1536x1536.jpeg 1536w, https:\/\/santagostinocoop.com\/mastropasqua\/wp-content\/uploads\/2025\/07\/image00012-2048x2048.jpeg 2048w\" sizes=\"(max-width: 800px) 100vw, 800px\" \/>\t\t\t\t\t\t\t\t\t\t\t\t\t\t\t<\/div>\n\t\t\t\t<\/div>\n\t\t\t\t<\/div>\n\t\t<div class=\"elementor-element elementor-element-4cc461c e-con-full e-flex e-con e-child\" data-id=\"4cc461c\" data-element_type=\"container\">\n\t\t\t\t<div class=\"elementor-element elementor-element-d231cb4 elementor-widget elementor-widget-heading\" data-id=\"d231cb4\" data-element_type=\"widget\" data-widget_type=\"heading.default\">\n\t\t\t\t<div class=\"elementor-widget-container\">\n\t\t\t\t\t<h2 class=\"elementor-heading-title elementor-size-default\">CAROTE<\/h2>\t\t\t\t<\/div>\n\t\t\t\t<\/div>\n\t\t\t\t<div class=\"elementor-element elementor-element-25eca77 elementor-widget elementor-widget-heading\" data-id=\"25eca77\" data-element_type=\"widget\" data-widget_type=\"heading.default\">\n\t\t\t\t<div class=\"elementor-widget-container\">\n\t\t\t\t\t<h2 class=\"elementor-heading-title elementor-size-default\">\u25cf\tOrigine: Italia, Zapponeta (Puglia)<br>\n\u25cf\tRaccolta: Gennaio - Giugno<br>\n\u25cf\tCalibro: 20\/40<br>\n\u25cf\tImballaggio: Casse da 10 kg \/ Bigbag da 1.000 kg<br><br>\nLe nostre carote biologiche vengono raccolte nei mesi invernali e primaverili, selezionando i migliori ortaggi per garantire freschezza e sapore in ogni stagione. Coltivate in terreni ricchi e naturali, senza l'uso di pesticidi o fertilizzanti chimici, le nostre carote sono perfette per chi cerca un prodotto sano e di qualit\u00e0.\n<\/h2>\t\t\t\t<\/div>\n\t\t\t\t<\/div>\n\t\t\t\t<\/div>\n\t\t\t\t\t<\/div>\n\t\t\t\t<\/div>\n\t\t<div class=\"elementor-element elementor-element-c318a6e e-flex e-con-boxed e-con e-parent\" data-id=\"c318a6e\" data-element_type=\"container\">\n\t\t\t\t\t<div class=\"e-con-inner\">\n\t\t<div class=\"elementor-element elementor-element-e2e6b36 e-con-full e-flex e-con e-child\" data-id=\"e2e6b36\" data-element_type=\"container\">\n\t\t\t\t<div class=\"elementor-element elementor-element-3f8e663 elementor-widget elementor-widget-image\" data-id=\"3f8e663\" data-element_type=\"widget\" data-widget_type=\"image.default\">\n\t\t\t\t<div class=\"elementor-widget-container\">\n\t\t\t\t\t\t\t\t\t\t\t\t\t\t\t<img decoding=\"async\" width=\"736\" height=\"736\" src=\"https:\/\/santagostinocoop.com\/mastropasqua\/wp-content\/uploads\/2025\/07\/image00006.jpeg\" class=\"attachment-large size-large wp-image-244\" alt=\"\" srcset=\"https:\/\/santagostinocoop.com\/mastropasqua\/wp-content\/uploads\/2025\/07\/image00006.jpeg 736w, https:\/\/santagostinocoop.com\/mastropasqua\/wp-content\/uploads\/2025\/07\/image00006-300x300.jpeg 300w, https:\/\/santagostinocoop.com\/mastropasqua\/wp-content\/uploads\/2025\/07\/image00006-150x150.jpeg 150w\" sizes=\"(max-width: 736px) 100vw, 736px\" \/>\t\t\t\t\t\t\t\t\t\t\t\t\t\t\t<\/div>\n\t\t\t\t<\/div>\n\t\t\t\t<\/div>\n\t\t<div class=\"elementor-element elementor-element-1c9dcd8 e-con-full e-flex e-con e-child\" data-id=\"1c9dcd8\" data-element_type=\"container\">\n\t\t\t\t<div class=\"elementor-element elementor-element-5026dae elementor-widget elementor-widget-heading\" data-id=\"5026dae\" data-element_type=\"widget\" data-widget_type=\"heading.default\">\n\t\t\t\t<div class=\"elementor-widget-container\">\n\t\t\t\t\t<h2 class=\"elementor-heading-title elementor-size-default\">PATATE<\/h2>\t\t\t\t<\/div>\n\t\t\t\t<\/div>\n\t\t\t\t<div class=\"elementor-element elementor-element-aa65b7c elementor-widget elementor-widget-heading\" data-id=\"aa65b7c\" data-element_type=\"widget\" data-widget_type=\"heading.default\">\n\t\t\t\t<div class=\"elementor-widget-container\">\n\t\t\t\t\t<h2 class=\"elementor-heading-title elementor-size-default\">\u25cf\tOrigine: Italia, Zapponeta (Puglia)<br>\n\u25cf\tRaccolta: Novembre - Dicembre \/ Giugno - Luglio<br>\n\u25cf\tCalibro: 35\/45, 45\/55, 55\/70<br>\n\u25cf\tImballaggio: Casse da 10 kg \/ Bigbag da 1.000 kg<br><br>\nLe patate biologiche Mastropasqua sono un simbolo della nostra dedizione alla qualit\u00e0. Raccolte in due periodi dell\u2019anno, a novembre e a giugno, vengono selezionate con cura per offrire una variet\u00e0 di calibro che soddisfa le diverse esigenze del mercato. Anche in questo caso, il nostro impegno per il biologico si traduce in un prodotto puro e ricco di sapore.\n<\/h2>\t\t\t\t<\/div>\n\t\t\t\t<\/div>\n\t\t\t\t<\/div>\n\t\t\t\t\t<\/div>\n\t\t\t\t<\/div>\n\t\t<div class=\"elementor-element elementor-element-07c0c07 e-flex e-con-boxed e-con e-parent\" data-id=\"07c0c07\" data-element_type=\"container\">\n\t\t\t\t\t<div class=\"e-con-inner\">\n\t\t<div class=\"elementor-element elementor-element-d4bfd48 e-con-full e-flex e-con e-child\" data-id=\"d4bfd48\" data-element_type=\"container\">\n\t\t\t\t<div class=\"elementor-element elementor-element-1f01ef9 elementor-widget elementor-widget-image\" data-id=\"1f01ef9\" data-element_type=\"widget\" data-widget_type=\"image.default\">\n\t\t\t\t<div class=\"elementor-widget-container\">\n\t\t\t\t\t\t\t\t\t\t\t\t\t\t\t<img loading=\"lazy\" decoding=\"async\" width=\"800\" height=\"800\" src=\"https:\/\/santagostinocoop.com\/mastropasqua\/wp-content\/uploads\/2025\/07\/image00005.jpeg\" class=\"attachment-large size-large wp-image-243\" alt=\"\" srcset=\"https:\/\/santagostinocoop.com\/mastropasqua\/wp-content\/uploads\/2025\/07\/image00005.jpeg 910w, https:\/\/santagostinocoop.com\/mastropasqua\/wp-content\/uploads\/2025\/07\/image00005-300x300.jpeg 300w, https:\/\/santagostinocoop.com\/mastropasqua\/wp-content\/uploads\/2025\/07\/image00005-150x150.jpeg 150w, https:\/\/santagostinocoop.com\/mastropasqua\/wp-content\/uploads\/2025\/07\/image00005-768x768.jpeg 768w\" sizes=\"(max-width: 800px) 100vw, 800px\" \/>\t\t\t\t\t\t\t\t\t\t\t\t\t\t\t<\/div>\n\t\t\t\t<\/div>\n\t\t\t\t<\/div>\n\t\t<div class=\"elementor-element elementor-element-1f78d7a e-con-full e-flex e-con e-child\" data-id=\"1f78d7a\" data-element_type=\"container\">\n\t\t\t\t<div class=\"elementor-element elementor-element-fcd23bf elementor-widget elementor-widget-heading\" data-id=\"fcd23bf\" data-element_type=\"widget\" data-widget_type=\"heading.default\">\n\t\t\t\t<div class=\"elementor-widget-container\">\n\t\t\t\t\t<h2 class=\"elementor-heading-title elementor-size-default\">CIPOLLA<\/h2>\t\t\t\t<\/div>\n\t\t\t\t<\/div>\n\t\t\t\t<div class=\"elementor-element elementor-element-9e73bef elementor-widget elementor-widget-heading\" data-id=\"9e73bef\" data-element_type=\"widget\" data-widget_type=\"heading.default\">\n\t\t\t\t<div class=\"elementor-widget-container\">\n\t\t\t\t\t<h2 class=\"elementor-heading-title elementor-size-default\">Oltre alla produzione locale, siamo anche specializzati nell'importazione di cipolle provenienti da alcune delle migliori coltivazioni mondiali. Le nostre cipolle provengono da:<br><br>\n\u25cf\tIndia<br>\n\u25cf\tMessico<br>\n\u25cf\tAustralia<br>\n\u25cf\tSudafrica<br>\n\u25cf\tArgentina<br>\n\u25cf\tRaccolta: Marzo - Giugno<br>\n\u25cf\tCalibro: 60\/80<br>\n\u25cf\tImballaggio: Sacchi da 10 kg \/ Bigbag da 1.000 kg<br><br>\nGrazie alla nostra rete internazionale, siamo in grado di offrire cipolle di qualit\u00e0, fresche e perfette per ogni esigenza gastronomica. Importate da coltivazioni selezionate, queste cipolle sono ideali per chi cerca un prodotto che coniuga freschezza e sapore tutto l'anno.<br><br>\n \nMastropasqua International S.p.A. crede fermamente nel rispetto dell'ambiente e nella sostenibilit\u00e0. Per questo motivo, ogni fase della nostra produzione e lavorazione \u00e8 improntata a pratiche biologiche che proteggono la natura e la biodiversit\u00e0, riducendo l\u2019impatto ambientale e garantendo al contempo un prodotto sicuro e nutriente.\nOgni passo, dalla semina alla raccolta, fino alla distribuzione, \u00e8 realizzato con un approccio responsabile, che promuove il benessere del consumatore e del pianeta. \n<\/h2>\t\t\t\t<\/div>\n\t\t\t\t<\/div>\n\t\t\t\t<\/div>\n\t\t\t\t\t<\/div>\n\t\t\t\t<\/div>\n\t\t<div class=\"elementor-element elementor-element-5aa2fe7 e-flex e-con-boxed e-con e-parent\" data-id=\"5aa2fe7\" data-element_type=\"container\">\n\t\t\t\t\t<div class=\"e-con-inner\">\n\t\t\t\t<div class=\"elementor-element elementor-element-6e9df14 elementor-widget elementor-widget-heading\" data-id=\"6e9df14\" data-element_type=\"widget\" data-widget_type=\"heading.default\">\n\t\t\t\t<div class=\"elementor-widget-container\">\n\t\t\t\t\t<h2 class=\"elementor-heading-title elementor-size-default\">SERVIZIO DI IMPORTAZIONE <br>ED ESPORTAZIONE<\/h2>\t\t\t\t<\/div>\n\t\t\t\t<\/div>\n\t\t<div class=\"elementor-element elementor-element-4192a60 e-con-full e-flex e-con e-child\" data-id=\"4192a60\" data-element_type=\"container\">\n\t\t<div class=\"elementor-element elementor-element-e9e0559 e-con-full e-flex e-con e-child\" data-id=\"e9e0559\" data-element_type=\"container\">\n\t\t\t\t<div class=\"elementor-element elementor-element-d0ef83c elementor-widget elementor-widget-image\" data-id=\"d0ef83c\" data-element_type=\"widget\" data-widget_type=\"image.default\">\n\t\t\t\t<div class=\"elementor-widget-container\">\n\t\t\t\t\t\t\t\t\t\t\t\t\t\t\t<img loading=\"lazy\" decoding=\"async\" width=\"80\" height=\"80\" src=\"https:\/\/santagostinocoop.com\/mastropasqua\/wp-content\/uploads\/2025\/07\/icona-IMPORT.png\" class=\"attachment-large size-large wp-image-246\" alt=\"\" \/>\t\t\t\t\t\t\t\t\t\t\t\t\t\t\t<\/div>\n\t\t\t\t<\/div>\n\t\t\t\t<div class=\"elementor-element elementor-element-2c658d0 elementor-widget elementor-widget-heading\" data-id=\"2c658d0\" data-element_type=\"widget\" data-widget_type=\"heading.default\">\n\t\t\t\t<div class=\"elementor-widget-container\">\n\t\t\t\t\t<h2 class=\"elementor-heading-title elementor-size-default\">IMPORT<\/h2>\t\t\t\t<\/div>\n\t\t\t\t<\/div>\n\t\t\t\t<div class=\"elementor-element elementor-element-08f0f38 elementor-widget elementor-widget-heading\" data-id=\"08f0f38\" data-element_type=\"widget\" data-widget_type=\"heading.default\">\n\t\t\t\t<div class=\"elementor-widget-container\">\n\t\t\t\t\t<h2 class=\"elementor-heading-title elementor-size-default\">Attraverso una rete internazionale di fornitori affidabili, Mastropasqua International importa prodotti ortofrutticoli provenienti dai principali paesi produttori, selezionando solo quelli che rispettano criteri rigorosi di qualit\u00e0 e sicurezza alimentare. Questo permette all\u2019azienda di offrire ai propri clienti un assortimento completo durante tutto l\u2019anno, integrando la produzione locale con articoli esotici o fuori stagione per soddisfare ogni esigenza del mercato.<\/h2>\t\t\t\t<\/div>\n\t\t\t\t<\/div>\n\t\t\t\t<\/div>\n\t\t<div class=\"elementor-element elementor-element-6376773 e-con-full e-flex e-con e-child\" data-id=\"6376773\" data-element_type=\"container\">\n\t\t\t\t<div class=\"elementor-element elementor-element-f591f40 elementor-widget elementor-widget-image\" data-id=\"f591f40\" data-element_type=\"widget\" data-widget_type=\"image.default\">\n\t\t\t\t<div class=\"elementor-widget-container\">\n\t\t\t\t\t\t\t\t\t\t\t\t\t\t\t<img loading=\"lazy\" decoding=\"async\" width=\"80\" height=\"80\" src=\"https:\/\/santagostinocoop.com\/mastropasqua\/wp-content\/uploads\/2025\/07\/icona-EXPORT.png\" class=\"attachment-large size-large wp-image-254\" alt=\"\" \/>\t\t\t\t\t\t\t\t\t\t\t\t\t\t\t<\/div>\n\t\t\t\t<\/div>\n\t\t\t\t<div class=\"elementor-element elementor-element-806f702 elementor-widget elementor-widget-heading\" data-id=\"806f702\" data-element_type=\"widget\" data-widget_type=\"heading.default\">\n\t\t\t\t<div class=\"elementor-widget-container\">\n\t\t\t\t\t<h2 class=\"elementor-heading-title elementor-size-default\">EXPORT<\/h2>\t\t\t\t<\/div>\n\t\t\t\t<\/div>\n\t\t\t\t<div class=\"elementor-element elementor-element-b085fd8 elementor-widget elementor-widget-heading\" data-id=\"b085fd8\" data-element_type=\"widget\" data-widget_type=\"heading.default\">\n\t\t\t\t<div class=\"elementor-widget-container\">\n\t\t\t\t\t<h2 class=\"elementor-heading-title elementor-size-default\">Mastropasqua International esporta eccellenze ortofrutticole italiane selezionate con cura, garantendo qualit\u00e0, freschezza e tracciabilit\u00e0. L\u2019azienda si rivolge a mercati internazionali con un\u2019offerta variegata che include frutta e verdura di stagione provenienti da filiere certificate e sostenibili. Grazie a una logistica efficiente e a rapporti consolidati con produttori locali, Mastropasqua International assicura consegne puntuali e prodotti conformi agli standard europei e globali.\n\u2003\n<\/h2>\t\t\t\t<\/div>\n\t\t\t\t<\/div>\n\t\t\t\t<\/div>\n\t\t\t\t<\/div>\n\t\t\t\t\t<\/div>\n\t\t\t\t<\/div>\n\t\t\t\t<\/div>\n\t\t","protected":false},"excerpt":{"rendered":"<p>ORTOFRUTTA IL GUSTO AUTENTICO DEL BIOLOGICO In Mastropasqua International S.p.A., siamo orgogliosi di offrire ortofrutta di alta qualit\u00e0, rispettando le tradizioni agricole e garantendo prodotti sani e genuini. La nostra produzione di carote e patate biologiche, coltivate con passione nella fertile terra di Zapponeta, in Puglia, \u00e8 il cuore della nostra offerta. Utilizziamo metodi di [&hellip;]<\/p>\n","protected":false},"author":1,"featured_media":0,"parent":0,"menu_order":0,"comment_status":"closed","ping_status":"closed","template":"","meta":{"footnotes":""},"class_list":["post-48","page","type-page","status-publish","hentry"],"_links":{"self":[{"href":"https:\/\/santagostinocoop.com\/mastropasqua\/wp-json\/wp\/v2\/pages\/48","targetHints":{"allow":["GET"]}}],"collection":[{"href":"https:\/\/santagostinocoop.com\/mastropasqua\/wp-json\/wp\/v2\/pages"}],"about":[{"href":"https:\/\/santagostinocoop.com\/mastropasqua\/wp-json\/wp\/v2\/types\/page"}],"author":[{"embeddable":true,"href":"https:\/\/santagostinocoop.com\/mastropasqua\/wp-json\/wp\/v2\/users\/1"}],"replies":[{"embeddable":true,"href":"https:\/\/santagostinocoop.com\/mastropasqua\/wp-json\/wp\/v2\/comments?post=48"}],"version-history":[{"count":22,"href":"https:\/\/santagostinocoop.com\/mastropasqua\/wp-json\/wp\/v2\/pages\/48\/revisions"}],"predecessor-version":[{"id":567,"href":"https:\/\/santagostinocoop.com\/mastropasqua\/wp-json\/wp\/v2\/pages\/48\/revisions\/567"}],"wp:attachment":[{"href":"https:\/\/santagostinocoop.com\/mastropasqua\/wp-json\/wp\/v2\/media?parent=48"}],"curies":[{"name":"wp","href":"https:\/\/api.w.org\/{rel}","templated":true}]}}